{"id":14,"date":"2025-01-26T15:45:02","date_gmt":"2025-01-26T15:45:02","guid":{"rendered":"https:\/\/revoradesign.com\/?page_id=14"},"modified":"2025-01-29T15:46:53","modified_gmt":"2025-01-29T15:46:53","slug":"profil","status":"publish","type":"page","link":"https:\/\/revoradesign.com\/index.php\/profil\/","title":{"rendered":"Profil"},"content":{"rendered":"<p><b>Merhaba,<\/b><\/p>\n<p><b>REVORA, \u2018\u2019<\/b><span style=\"font-weight: 400;\">RE: Yeniden, VORA: Mekan ve Zaman\u2019\u2019 kelimelerinden t\u00fcretti\u011fim bir isim.\u00a0<\/span><\/p>\n<p><span style=\"font-weight: 400;\">Yenilenen bir mekanla, yeni bir zamana ge\u00e7i\u015fi anlat\u0131yor.\u00a0<\/span><\/p>\n<p><b>REVORA<\/b><span style=\"font-weight: 400;\">, yeni ba\u015flang\u0131\u00e7lar ve yenilenmek i\u00e7in yeni veya yenilenen mekanlar tasarl\u0131yor.<\/span><\/p>\n<p><b>REVORA DESIGN\u2019<\/b><span style=\"font-weight: 400;\">\u0131, ak\u0131\u015fa farkl\u0131l\u0131k katmak ve yeni bir gelece\u011fe ilerleme hayali kuran ki\u015fi ve kurumlar i\u00e7in; heyecan, ruh ve duygu bar\u0131nd\u0131ran mekanlar yaratmak amac\u0131yla kurdum. Ya\u015fam alanlar\u0131n\u0131 d\u00f6n\u00fc\u015ft\u00fcrerek, yeni mekanlarda yeni ba\u015flang\u0131\u00e7lar yapmak isteyenlere yard\u0131mc\u0131 olmak istedim.<\/span><\/p>\n<p>&nbsp;<\/p>\n<p><span style=\"font-weight: 400;\">\u00c7\u00fcnk\u00fc her mekan, asl\u0131nda bir hikayenin par\u00e7as\u0131d\u0131r. Zaman i\u00e7inde, bu hikayeleri estetik ve i\u015flevsel tasar\u0131mlarla yeniden yorumlamak, onlar\u0131 yeni ya\u015fam ve i\u015f alanlar\u0131na d\u00f6n\u00fc\u015ft\u00fcrmek gerekir. Her bir detayda duygular\u0131 yans\u0131tmak, gelece\u011fe ilham veren ortamlar yaratmak ve o enerjiyi hissettirmek, tasar\u0131m\u0131n temel amac\u0131d\u0131r.<\/span><\/p>\n<p>&nbsp;<\/p>\n<p><b>REVORA DESIGN<\/b><span style=\"font-weight: 400;\">\u2019da, hayal edilen ya\u015fam alanlar\u0131n\u0131 ger\u00e7e\u011fe d\u00f6n\u00fc\u015ft\u00fcren; s\u00fcrd\u00fcr\u00fclebilir malzemeler ve ak\u0131ll\u0131 \u00e7\u00f6z\u00fcmlerle hem \u00e7evreye sayg\u0131l\u0131 hem de konforlu ve keyifli mekanlar tasarl\u0131yoruz. Yeni ya da yenilenen mekanlar, sadece estetik de\u011fil, ayn\u0131 zamanda i\u015flevsel birer ya\u015fam alan\u0131 haline geliyor.<\/span><\/p>\n<p>&nbsp;<\/p>\n<p><span style=\"font-weight: 400;\">O halde ba\u015flayal\u0131m m\u0131? Yeni mekanlar\u0131n\u0131z\u0131 siz hayal edin, biz tasarlayal\u0131m. Siz d\u00fc\u015fleyin, biz ger\u00e7e\u011fe d\u00f6n\u00fc\u015ft\u00fcrelim. Ve sonunda size i\u00e7tenlikle \u201c<\/span><b>Ho\u015f geldiniz!<\/b><span style=\"font-weight: 400;\">\u201d diyelim&#8230;<\/span><\/p>\n<p>&nbsp;<\/p>\n<p><b>Mimar Cemile \u00c7elik<\/b><\/p>\n<p>&nbsp;<\/p>\n<p>&nbsp;<\/p>\n<p>&nbsp;<\/p>\n<p>&nbsp;<\/p>\n<p>&nbsp;<\/p>\n","protected":false},"excerpt":{"rendered":"<p>Merhaba, REVORA, \u2018\u2019RE: Yeniden, VORA: Mekan ve Zaman\u2019\u2019 kelimelerinden t\u00fcretti\u011fim bir isim.\u00a0 Yenilenen bir mekanla, yeni bir zamana ge\u00e7i\u015fi anlat\u0131yor.\u00a0 REVORA, yeni ba\u015flang\u0131\u00e7lar ve yenilenmek i\u00e7in yeni veya yenilenen mekanlar tasarl\u0131yor. REVORA DESIGN\u2019\u0131, ak\u0131\u015fa farkl\u0131l\u0131k katmak ve yeni bir gelece\u011fe ilerleme hayali kuran ki\u015fi ve kurumlar i\u00e7in; heyecan, ruh ve duygu bar\u0131nd\u0131ran mekanlar yaratmak amac\u0131yla [&hellip;]<\/p>\n","protected":false},"author":1,"featured_media":0,"parent":0,"menu_order":0,"comment_status":"closed","ping_status":"closed","template":"","meta":{"footnotes":""},"class_list":["post-14","page","type-page","status-publish","hentry"],"_links":{"self":[{"href":"https:\/\/revoradesign.com\/index.php\/wp-json\/wp\/v2\/pages\/14","targetHints":{"allow":["GET"]}}],"collection":[{"href":"https:\/\/revoradesign.com\/index.php\/wp-json\/wp\/v2\/pages"}],"about":[{"href":"https:\/\/revoradesign.com\/index.php\/wp-json\/wp\/v2\/types\/page"}],"author":[{"embeddable":true,"href":"https:\/\/revoradesign.com\/index.php\/wp-json\/wp\/v2\/users\/1"}],"replies":[{"embeddable":true,"href":"https:\/\/revoradesign.com\/index.php\/wp-json\/wp\/v2\/comments?post=14"}],"version-history":[{"count":3,"href":"https:\/\/revoradesign.com\/index.php\/wp-json\/wp\/v2\/pages\/14\/revisions"}],"predecessor-version":[{"id":104,"href":"https:\/\/revoradesign.com\/index.php\/wp-json\/wp\/v2\/pages\/14\/revisions\/104"}],"wp:attachment":[{"href":"https:\/\/revoradesign.com\/index.php\/wp-json\/wp\/v2\/media?parent=14"}],"curies":[{"name":"wp","href":"https:\/\/api.w.org\/{rel}","templated":true}]}}