{"id":18,"date":"2025-01-26T15:46:55","date_gmt":"2025-01-26T15:46:55","guid":{"rendered":"https:\/\/revoradesign.com\/?page_id=18"},"modified":"2025-01-29T16:18:20","modified_gmt":"2025-01-29T16:18:20","slug":"rd-misyonumuz","status":"publish","type":"page","link":"https:\/\/revoradesign.com\/index.php\/rd-misyonumuz\/","title":{"rendered":"RD M\u0130SYONUMUZ"},"content":{"rendered":"<p>&nbsp;<\/p>\n<p style=\"text-align: left;\"><b>Ya\u015fam Alanlar\u0131n\u0131z\u0131 Yeniden Tasarlay\u0131n<\/b><\/p>\n<p style=\"text-align: left;\"><span style=\"font-weight: 400;\">M\u00fc\u015fterilerimizin hayallerini ger\u00e7e\u011fe d\u00f6n\u00fc\u015ft\u00fcrerek, ya\u015fam alanlar\u0131n\u0131 daha i\u015flevsel, estetik ve duygusal olarak tatmin edici hale\u00a0<\/span>getirmeyi hedefliyoruz. Ayr\u0131ca, her bireyin ya\u015fam alan\u0131n\u0131, onlar\u0131n ki\u015fisel hikayelerine ve ihtiya\u00e7lar\u0131na uygun olarak yeniden \u015fekillendirmeyi ve onlara duyusal a\u00e7\u0131dan tatmin edici, s\u00fcrd\u00fcr\u00fclebilir ve yenilik\u00e7i \u00e7\u00f6z\u00fcmler sunmay\u0131 hedefliyoruz. <b>Yapay zeka destekli \u00e7\u00f6z\u00fcmler<\/b> ile ki\u015fiselle\u015ftirilmi\u015f ve yarat\u0131c\u0131 tasar\u0131mlar sunuyoruz. Her proje, m\u00fc\u015fterinin ihtiya\u00e7lar\u0131na \u00f6zel olarak tasarlan\u0131r ve ya\u015fam kalitesini art\u0131rmaya odaklan\u0131r.. <b>S\u00fcrd\u00fcr\u00fclebilir ve yenilik\u00e7i<\/b>\u00a0\u00e7\u00f6z\u00fcmlerle,\u00a0hem\u00a0\u00e7evreye\u00a0sayg\u0131l\u0131\u00a0hem de kullan\u0131c\u0131 dostu mekanlar yarat\u0131yoruz.<b><\/b><\/p>\n<p>&nbsp;<\/p>\n<p>&nbsp;<\/p>\n<p>&nbsp;<\/p>\n<p>&nbsp;<\/p>\n<p>&nbsp;<\/p>\n<p>&nbsp;<\/p>\n","protected":false},"excerpt":{"rendered":"<p>&nbsp; Ya\u015fam Alanlar\u0131n\u0131z\u0131 Yeniden Tasarlay\u0131n M\u00fc\u015fterilerimizin hayallerini ger\u00e7e\u011fe d\u00f6n\u00fc\u015ft\u00fcrerek, ya\u015fam alanlar\u0131n\u0131 daha i\u015flevsel, estetik ve duygusal olarak tatmin edici hale\u00a0getirmeyi hedefliyoruz. Ayr\u0131ca, her bireyin ya\u015fam alan\u0131n\u0131, onlar\u0131n ki\u015fisel hikayelerine ve ihtiya\u00e7lar\u0131na uygun olarak yeniden \u015fekillendirmeyi ve onlara duyusal a\u00e7\u0131dan tatmin edici, s\u00fcrd\u00fcr\u00fclebilir ve yenilik\u00e7i \u00e7\u00f6z\u00fcmler sunmay\u0131 hedefliyoruz. Yapay zeka destekli \u00e7\u00f6z\u00fcmler ile ki\u015fiselle\u015ftirilmi\u015f ve yarat\u0131c\u0131 [&hellip;]<\/p>\n","protected":false},"author":1,"featured_media":0,"parent":0,"menu_order":0,"comment_status":"closed","ping_status":"closed","template":"page-wide","meta":{"footnotes":""},"class_list":["post-18","page","type-page","status-publish","hentry"],"_links":{"self":[{"href":"https:\/\/revoradesign.com\/index.php\/wp-json\/wp\/v2\/pages\/18","targetHints":{"allow":["GET"]}}],"collection":[{"href":"https:\/\/revoradesign.com\/index.php\/wp-json\/wp\/v2\/pages"}],"about":[{"href":"https:\/\/revoradesign.com\/index.php\/wp-json\/wp\/v2\/types\/page"}],"author":[{"embeddable":true,"href":"https:\/\/revoradesign.com\/index.php\/wp-json\/wp\/v2\/users\/1"}],"replies":[{"embeddable":true,"href":"https:\/\/revoradesign.com\/index.php\/wp-json\/wp\/v2\/comments?post=18"}],"version-history":[{"count":18,"href":"https:\/\/revoradesign.com\/index.php\/wp-json\/wp\/v2\/pages\/18\/revisions"}],"predecessor-version":[{"id":189,"href":"https:\/\/revoradesign.com\/index.php\/wp-json\/wp\/v2\/pages\/18\/revisions\/189"}],"wp:attachment":[{"href":"https:\/\/revoradesign.com\/index.php\/wp-json\/wp\/v2\/media?parent=18"}],"curies":[{"name":"wp","href":"https:\/\/api.w.org\/{rel}","templated":true}]}}