{"id":20,"date":"2025-01-26T15:48:59","date_gmt":"2025-01-26T15:48:59","guid":{"rendered":"https:\/\/revoradesign.com\/?page_id=20"},"modified":"2025-01-29T15:50:31","modified_gmt":"2025-01-29T15:50:31","slug":"rd-isleyis","status":"publish","type":"page","link":"https:\/\/revoradesign.com\/index.php\/rd-isleyis\/","title":{"rendered":"RD \u0130\u015fleyi\u015f"},"content":{"rendered":"<p><b>REVORA DESIGN \u0130\u015eLEY\u0130\u015e: ADIM ADIM YEN\u0130 B\u0130R YA\u015eAM ALANI<\/b><\/p>\n<p>&nbsp;<\/p>\n<ul>\n<li aria-level=\"1\"><b>\u0130htiya\u00e7lar\u0131n\u0131z\u0131 Anl\u0131yoruz:<\/b><span style=\"font-weight: 400;\">\u00a0 K\u0131sa bir anketle ba\u015flayarak, mevcut mekan\u0131n\u0131z hakk\u0131nda bilgi al\u0131yoruz. Payla\u015ft\u0131\u011f\u0131n\u0131z g\u00f6rseller sayesinde mekan\u0131n\u0131z\u0131 daha iyi analiz ediyoruz.<\/span><\/li>\n<\/ul>\n<ul>\n<li aria-level=\"1\"><b>Tasar\u0131m \u00d6nerileri:<\/b><span style=\"font-weight: 400;\"> Size \u00f6zel tasar\u0131m \u00f6nerileri sunuyoruz. Bu \u00f6neriler, sizin, mekan\u0131n\u0131z\u0131n potansiyelini, isteklerini en iyi \u015fekilde kullanacak \u015fekilde tasarlan\u0131r.<\/span><\/li>\n<\/ul>\n<ul>\n<li aria-level=\"1\"><b>Detayl\u0131 Planlama:<\/b><span style=\"font-weight: 400;\"> Taslaklar\u0131 onaylad\u0131ktan sonra, detayl\u0131 g\u00f6r\u00fc\u015fmeler ve yerinde ke\u015fif ile projeyi hayata ge\u00e7iriyoruz.<\/span><\/li>\n<\/ul>\n<ul>\n<li aria-level=\"1\"><b>Yenileme ve D\u00f6n\u00fc\u015f\u00fcm:<\/b><span style=\"font-weight: 400;\"> \u00d6zel olarak haz\u0131rlanan \u00e7izimler do\u011frultusunda, mekan\u0131n\u0131z\u0131 yeniden \u015fekillendiriyor ve size yepyeni bir ya\u015fam alan\u0131 sunuyoruz.<\/span><\/li>\n<\/ul>\n<p>&nbsp;<\/p>\n<p><b>Revora ile ya\u015fam alanlar\u0131n\u0131z\u0131 d\u00f6n\u00fc\u015ft\u00fcr\u00fcn, hayat\u0131n\u0131za yeni bir soluk getirin!<\/b><\/p>\n<div id='gallery-1' class='gallery galleryid-20 gallery-columns-5 gallery-size-large'><figure class='gallery-item'>\n\t\t\t<div class='gallery-icon landscape'>\n\t\t\t\t<a href='https:\/\/revoradesign.com\/index.php\/rd-isleyis\/screenhunter-3351\/'><img loading=\"lazy\" decoding=\"async\" width=\"726\" height=\"485\" src=\"https:\/\/revoradesign.com\/wp-content\/uploads\/2025\/01\/ScreenHunter-3351.png\" class=\"attachment-large size-large\" alt=\"\" srcset=\"https:\/\/revoradesign.com\/wp-content\/uploads\/2025\/01\/ScreenHunter-3351.png 726w, https:\/\/revoradesign.com\/wp-content\/uploads\/2025\/01\/ScreenHunter-3351-300x200.png 300w\" sizes=\"auto, (max-width: 726px) 100vw, 726px\" \/><\/a>\n\t\t\t<\/div><\/figure><figure class='gallery-item'>\n\t\t\t<div class='gallery-icon landscape'>\n\t\t\t\t<a href='https:\/\/revoradesign.com\/index.php\/rd-isleyis\/screenhunter-3352\/'><img loading=\"lazy\" decoding=\"async\" width=\"722\" height=\"466\" src=\"https:\/\/revoradesign.com\/wp-content\/uploads\/2025\/01\/ScreenHunter-3352.png\" class=\"attachment-large size-large\" alt=\"\" srcset=\"https:\/\/revoradesign.com\/wp-content\/uploads\/2025\/01\/ScreenHunter-3352.png 722w, https:\/\/revoradesign.com\/wp-content\/uploads\/2025\/01\/ScreenHunter-3352-300x194.png 300w\" sizes=\"auto, (max-width: 722px) 100vw, 722px\" \/><\/a>\n\t\t\t<\/div><\/figure><figure class='gallery-item'>\n\t\t\t<div class='gallery-icon landscape'>\n\t\t\t\t<a href='https:\/\/revoradesign.com\/index.php\/rd-isleyis\/screenhunter-3353\/'><img loading=\"lazy\" decoding=\"async\" width=\"728\" height=\"474\" src=\"https:\/\/revoradesign.com\/wp-content\/uploads\/2025\/01\/ScreenHunter-3353.png\" class=\"attachment-large size-large\" alt=\"\" srcset=\"https:\/\/revoradesign.com\/wp-content\/uploads\/2025\/01\/ScreenHunter-3353.png 728w, https:\/\/revoradesign.com\/wp-content\/uploads\/2025\/01\/ScreenHunter-3353-300x195.png 300w\" sizes=\"auto, (max-width: 728px) 100vw, 728px\" \/><\/a>\n\t\t\t<\/div><\/figure><figure class='gallery-item'>\n\t\t\t<div class='gallery-icon landscape'>\n\t\t\t\t<a href='https:\/\/revoradesign.com\/index.php\/rd-isleyis\/screenhunter-3354\/'><img loading=\"lazy\" decoding=\"async\" width=\"726\" height=\"478\" src=\"https:\/\/revoradesign.com\/wp-content\/uploads\/2025\/01\/ScreenHunter-3354.png\" class=\"attachment-large size-large\" alt=\"\" srcset=\"https:\/\/revoradesign.com\/wp-content\/uploads\/2025\/01\/ScreenHunter-3354.png 726w, https:\/\/revoradesign.com\/wp-content\/uploads\/2025\/01\/ScreenHunter-3354-300x198.png 300w\" sizes=\"auto, (max-width: 726px) 100vw, 726px\" \/><\/a>\n\t\t\t<\/div><\/figure><figure class='gallery-item'>\n\t\t\t<div class='gallery-icon landscape'>\n\t\t\t\t<a href='https:\/\/revoradesign.com\/index.php\/rd-isleyis\/screenhunter-3355\/'><img loading=\"lazy\" decoding=\"async\" width=\"729\" height=\"473\" src=\"https:\/\/revoradesign.com\/wp-content\/uploads\/2025\/01\/ScreenHunter-3355.png\" class=\"attachment-large size-large\" alt=\"\" srcset=\"https:\/\/revoradesign.com\/wp-content\/uploads\/2025\/01\/ScreenHunter-3355.png 729w, https:\/\/revoradesign.com\/wp-content\/uploads\/2025\/01\/ScreenHunter-3355-300x195.png 300w\" sizes=\"auto, (max-width: 729px) 100vw, 729px\" \/><\/a>\n\t\t\t<\/div><\/figure>\n\t\t<\/div>\n\n<p>&nbsp;<\/p>\n<p>&nbsp;<\/p>\n","protected":false},"excerpt":{"rendered":"<p>REVORA DESIGN \u0130\u015eLEY\u0130\u015e: ADIM ADIM YEN\u0130 B\u0130R YA\u015eAM ALANI &nbsp; \u0130htiya\u00e7lar\u0131n\u0131z\u0131 Anl\u0131yoruz:\u00a0 K\u0131sa bir anketle ba\u015flayarak, mevcut mekan\u0131n\u0131z hakk\u0131nda bilgi al\u0131yoruz. Payla\u015ft\u0131\u011f\u0131n\u0131z g\u00f6rseller sayesinde mekan\u0131n\u0131z\u0131 daha iyi analiz ediyoruz. Tasar\u0131m \u00d6nerileri: Size \u00f6zel tasar\u0131m \u00f6nerileri sunuyoruz. Bu \u00f6neriler, sizin, mekan\u0131n\u0131z\u0131n potansiyelini, isteklerini en iyi \u015fekilde kullanacak \u015fekilde tasarlan\u0131r. Detayl\u0131 Planlama: Taslaklar\u0131 onaylad\u0131ktan sonra, detayl\u0131 g\u00f6r\u00fc\u015fmeler [&hellip;]<\/p>\n","protected":false},"author":1,"featured_media":0,"parent":0,"menu_order":0,"comment_status":"closed","ping_status":"closed","template":"","meta":{"footnotes":""},"class_list":["post-20","page","type-page","status-publish","hentry"],"_links":{"self":[{"href":"https:\/\/revoradesign.com\/index.php\/wp-json\/wp\/v2\/pages\/20","targetHints":{"allow":["GET"]}}],"collection":[{"href":"https:\/\/revoradesign.com\/index.php\/wp-json\/wp\/v2\/pages"}],"about":[{"href":"https:\/\/revoradesign.com\/index.php\/wp-json\/wp\/v2\/types\/page"}],"author":[{"embeddable":true,"href":"https:\/\/revoradesign.com\/index.php\/wp-json\/wp\/v2\/users\/1"}],"replies":[{"embeddable":true,"href":"https:\/\/revoradesign.com\/index.php\/wp-json\/wp\/v2\/comments?post=20"}],"version-history":[{"count":12,"href":"https:\/\/revoradesign.com\/index.php\/wp-json\/wp\/v2\/pages\/20\/revisions"}],"predecessor-version":[{"id":171,"href":"https:\/\/revoradesign.com\/index.php\/wp-json\/wp\/v2\/pages\/20\/revisions\/171"}],"wp:attachment":[{"href":"https:\/\/revoradesign.com\/index.php\/wp-json\/wp\/v2\/media?parent=20"}],"curies":[{"name":"wp","href":"https:\/\/api.w.org\/{rel}","templated":true}]}}